{"id":13650,"date":"2024-11-11T23:37:37","date_gmt":"2024-11-11T23:37:37","guid":{"rendered":"https:\/\/www.tslgh.com.mx\/?page_id=13650"},"modified":"2024-11-11T23:40:13","modified_gmt":"2024-11-11T23:40:13","slug":"manejo-de-contenedores","status":"publish","type":"page","link":"https:\/\/www.tslgh.com.mx\/es\/manejo-de-contenedores\/","title":{"rendered":"Manejo de contenedores"},"content":{"rendered":"<section class=\"wpb-content-wrapper\"><section data-vc-full-width=\"true\" data-vc-full-width-init=\"false\" class=\"vc_section vc_section_visible pix-intro-1 vc_custom_1731368397092 vc_section-has-fill vc_row-o-full-height vc_section-o-content-middle vc_section-flex\" data-section-name=\"\"><div class=\"pix_element_overlay  bg-secondary\" style=\"pointer-events:none;;position:absolute;width:100%;height:100%;top:0;left:0;opacity:1;\"><\/div><div class=\"fullpage-container\"><div class=\"pix-intro-img jarallax\" data-jarallax data-speed=\"0.8\"><img decoding=\"async\" loading=\"lazy\" class=\"jarallax-img pix-opacity-6\"  src=\"https:\/\/www.tslgh.com.mx\/wp-content\/uploads\/2024\/11\/Manejo-de-contenedores-fondo.jpg\" alt=\"\" \/><\/div><\/div><div class=\"pix-divider pix-bottom-divider\" data-style=\"style-dynamic\" style=\"bottom:-1px;\"><div class=\"pix-dividers-box\" >\n                    <svg class=\"pix-shape-dividers\"  viewbox=\"0 0 100 100\" preserveaspectratio=\"none\">\n                        <defs><lineargradient id=\"divider-12874-bottom-overlay-color-0\" x1=\"0%\" y1=\"0%\" x2=\"100%\" y2=\"0%\"><stop offset=\"0%\"   stop-color=\"rgba(255,255,255,0.5)\"\/><stop offset=\"100%\"   stop-color=\"rgba(255,255,255,0.01)\"\/><\/lineargradient><lineargradient id=\"divider-12874-bottom-overlay-color-1\" x1=\"0%\" y1=\"0%\" x2=\"100%\" y2=\"0%\"><stop offset=\"0%\"   stop-color=\"rgba(255,255,255,0.01)\"\/><stop offset=\"100%\"   stop-color=\"rgba(255,255,255,0.45)\"\/><\/lineargradient><\/defs><path d=\"\" class=\"\" fill=\"url(#divider-12874-bottom-overlay-color-0)\"><\/path><path d=\"\" class=\"\" fill=\"url(#divider-12874-bottom-overlay-color-1)\"><\/path><path d=\"\" class=\"\" fill=\"#f8f9fa\"><\/path>\n                    <\/svg>\n                <\/div><\/div><div class=\"vc_row wpb_row vc_row-fluid vc_row_visible vc_custom_1590542974553\"><div class=\"wpb_column vc_column_container vc_col-sm-12 text-center\"><div class=\"vc_column-inner  vc_custom_1591253096968\"><div class=\"wpb_wrapper\"><div class=\"pix-element-div w-100 text-center\"><span class=\"pix-badge-element h6 d-inline-block mr-1 animate-in\" data-anim-type=\"fade-in-up\" data-anim-delay=\"0\"><span class=\"badge font-weight-bold bg-dark-opacity-2  vc_custom_1731362580435\" style=\" \"><span class=\"text-white\" style=\"\">TRANSPORTES Y SERVICIOS LOG\u00cdSTICOS GH<\/span><\/span><\/span><\/div><div id=\"el1731361511050-44b6938f-c05d\" class=\"mb-3 text-center  vc_custom_1731368125219\"><div class=\"d-inline-block\" style=\"max-width:700px;\"><h1 class=\"mb-32 pix-sliding-headline-2 animate-in font-weight-bold secondary-font\" data-anim-type=\"pix-sliding-text\" pix-anim-delay=\"500\" data-class=\"secondary-font text-white\" style=\"\"><span class=\"slide-in-container\"><span class=\"pix-sliding-item secondary-font text-white\" style=\"transition-delay: 0ms;\">Manejo&#32;<\/span><\/span> <span class=\"slide-in-container\"><span class=\"pix-sliding-item secondary-font text-white\" style=\"transition-delay: 150ms;\">de&#32;<\/span><\/span> <span class=\"slide-in-container\"><span class=\"pix-sliding-item secondary-font text-white\" style=\"transition-delay: 300ms;\">contenedores&#32;<\/span><\/span> <\/h1><\/div><\/div><a  href=\"https:\/\/www.tslgh.com.mx\/es\/#pix_section_ubicaciones_contacto\" class=\"btn mb-2     shadow-sm text-white btn-primary d-inline-block pix-hover-item       animate-in btn-md\"   data-anim-type=\"fade-in-left\" data-anim-delay=\"600\" ><i class=\"font-weight-bold pixicon-card  pix-hover-left  mr-1\"><\/i> <span class=\"font-weight-bold\" >Cotiza con nosotros<\/span><\/a><a  href=\"tel:3141703097\" class=\"btn mb-2     shadow-sm  bg-light-opacity-2 btn-primary btn-custom-bg  d-inline-block pix-hover-item       animate-in btn-md\"   data-anim-type=\"fade-in-left\" data-anim-delay=\"800\" ><i class=\"font-weight-bold pixicon-phone  pix-hover-left  mr-1\"><\/i> <span class=\"font-weight-bold\" >Ll\u00e1manos<\/span><\/a><\/div><\/div><\/div><\/div><\/section><div class=\"vc_row-full-width vc_clearfix\"><\/div><section data-vc-full-width=\"true\" data-vc-full-width-init=\"false\" class=\"vc_section vc_section_visible custom-responsive-33184677 vc_custom_1731367503314\" data-section-name=\"\"><div class=\"vc_row wpb_row vc_row-fluid vc_row_visible vc_row-o-content-middle vc_row-flex\"><div class=\"wpb_column vc_column_container vc_col-sm-6 text-left\"><div class=\"vc_column-inner custom-responsive-27701079 vc_custom_1643664770123\"><div class=\"wpb_wrapper\"><div id=\"el1731367455740-f6ea453b-6969\" class=\"pix-el-text   w-100\" ><p class=\"\"><p><span style=\"font-weight: 400;\">Especializados en el <strong>manejo y traslado de contenedores<\/strong>, ofrecemos servicios de desconsolidaci\u00f3n, consolidaci\u00f3n y resguardo. Nuestro personal capacitado se encarga de realizar maniobras precisas y cuidadosas, tanto dentro como fuera de puerto, asegurando la integridad de los productos en cada movimiento. <\/span><\/p>\n<p><span style=\"font-weight: 400;\">Realizamos tambi\u00e9n <strong>manejo de vac\u00edos y traspaleos, ajust\u00e1ndonos a las especificaciones y necesidades de cada cliente<\/strong>, para un servicio de carga y descarga eficiente y seguro.<\/span><\/p>\n<\/p><\/div><\/div><\/div><\/div><div class=\"wpb_column vc_column_container vc_col-sm-6 text-left\"><div class=\"vc_column-inner  vc_custom_1643147838003\"><div class=\"wpb_wrapper\"><div class=\"d-inline-block\" ><div class=\"pix-img-el    text-left d-inline-block  w-100 rounded-10\"  ><img loading=\"lazy\" decoding=\"async\" class=\"card-img2 pix-img-elem rounded-10  h-1002\" style=\"height:auto;\" width=\"900\" height=\"900\" srcset=\"https:\/\/www.tslgh.com.mx\/wp-content\/uploads\/2024\/11\/Manejo-de-contenedores.jpg 900w, https:\/\/www.tslgh.com.mx\/wp-content\/uploads\/2024\/11\/Manejo-de-contenedores-300x300.jpg 300w, https:\/\/www.tslgh.com.mx\/wp-content\/uploads\/2024\/11\/Manejo-de-contenedores-150x150.jpg 150w, https:\/\/www.tslgh.com.mx\/wp-content\/uploads\/2024\/11\/Manejo-de-contenedores-768x768.jpg 768w, https:\/\/www.tslgh.com.mx\/wp-content\/uploads\/2024\/11\/Manejo-de-contenedores-12x12.jpg 12w, https:\/\/www.tslgh.com.mx\/wp-content\/uploads\/2024\/11\/Manejo-de-contenedores-400x400.jpg 400w, https:\/\/www.tslgh.com.mx\/wp-content\/uploads\/2024\/11\/Manejo-de-contenedores-75x75.jpg 75w, https:\/\/www.tslgh.com.mx\/wp-content\/uploads\/2024\/11\/Manejo-de-contenedores-460x460.jpg 460w\" sizes=\"auto, (max-width: 900px) 100vw, 900px\" src=\"https:\/\/www.tslgh.com.mx\/wp-content\/uploads\/2024\/11\/Manejo-de-contenedores.jpg\" alt=\"Image link\" \/><\/div><\/div><\/div><\/div><\/div><\/div><\/section><div class=\"vc_row-full-width vc_clearfix\"><\/div>\n<\/section>","protected":false},"excerpt":{"rendered":"TRANSPORTES Y SERVICIOS LOG\u00cdSTICOS GHManejo&#32; de&#32; contenedores&#32; Cotiza con nosotros Ll\u00e1manosEspecializados en el manejo y traslado de contenedores, ofrecemos servicios de desconsolidaci\u00f3n, consolidaci\u00f3n y resguardo. Nuestro personal capacitado se encarga de realizar maniobras precisas y cuidadosas, tanto dentro como fuera...","protected":false},"author":1,"featured_media":0,"parent":0,"menu_order":0,"comment_status":"closed","ping_status":"closed","template":"","meta":{"inline_featured_image":false,"footnotes":""},"class_list":["post-13650","page","type-page","status-publish","hentry"],"_links":{"self":[{"href":"https:\/\/www.tslgh.com.mx\/es\/wp-json\/wp\/v2\/pages\/13650","targetHints":{"allow":["GET"]}}],"collection":[{"href":"https:\/\/www.tslgh.com.mx\/es\/wp-json\/wp\/v2\/pages"}],"about":[{"href":"https:\/\/www.tslgh.com.mx\/es\/wp-json\/wp\/v2\/types\/page"}],"author":[{"embeddable":true,"href":"https:\/\/www.tslgh.com.mx\/es\/wp-json\/wp\/v2\/users\/1"}],"replies":[{"embeddable":true,"href":"https:\/\/www.tslgh.com.mx\/es\/wp-json\/wp\/v2\/comments?post=13650"}],"version-history":[{"count":3,"href":"https:\/\/www.tslgh.com.mx\/es\/wp-json\/wp\/v2\/pages\/13650\/revisions"}],"predecessor-version":[{"id":13655,"href":"https:\/\/www.tslgh.com.mx\/es\/wp-json\/wp\/v2\/pages\/13650\/revisions\/13655"}],"wp:attachment":[{"href":"https:\/\/www.tslgh.com.mx\/es\/wp-json\/wp\/v2\/media?parent=13650"}],"curies":[{"name":"wp","href":"https:\/\/api.w.org\/{rel}","templated":true}]}}